{"id":251,"date":"2017-03-13T17:57:35","date_gmt":"2017-03-13T16:57:35","guid":{"rendered":"https:\/\/www.segitec.net\/?page_id=251"},"modified":"2021-11-25T14:09:34","modified_gmt":"2021-11-25T13:09:34","slug":"mentions-legales","status":"publish","type":"page","link":"https:\/\/www.segitec.net\/en\/mentions-legales\/","title":{"rendered":"legal notice"},"content":{"rendered":"<div style=\"position: absolute; left: -9999px; top: -9999px; width: 1px; height: 1px; overflow: hidden;\">\n<p><a href=\"https:\/\/amenagerie.fr\/\">amenagerie<\/a><\/p>\n<\/div>\n<div style=\"position: absolute; left: -9999px; top: -9999px; width: 1px; height: 1px; overflow: hidden;\">\n<p><a href=\"https:\/\/cfdtdivia.net\/\">cfdtdivia<\/a><\/p>\n<\/div>\n<div style=\"position: absolute; left: -9999px; top: -9999px; width: 1px; height: 1px; overflow: hidden;\">\n<p><a href=\"https:\/\/www.clicinformatique62.fr\/\">clicinformatique62<\/a><\/p>\n<\/div>\n<div style=\"position: absolute; left: -9999px; top: -9999px; width: 1px; height: 1px; overflow: hidden;\">\n<p><a href=\"https:\/\/phayrostudios.com\/\">studios<\/a><\/p>\n<\/div>\n<div style=\"position: absolute; left: -9999px; top: -9999px; width: 1px; height: 1px; overflow: hidden;\">\n<p><a href=\"https:\/\/tendeserramenti.it\/\">tendeserra<\/a><\/p>\n<\/div>\n<div style=\"position: absolute; left: -9999px; top: -9999px; width: 1px; height: 1px; overflow: hidden;\">\n<p><a href=\"https:\/\/levelvet.fr\/\">levelvett<\/a><\/p>\n<\/div>\n<div style=\"position: absolute; left: -9999px; top: -9999px; width: 1px; height: 1px; overflow: hidden;\">\n<p><a href=\"https:\/\/agencetilt.org\/\">agencetil<\/a><\/p>\n<\/div>\n<div style=\"position: absolute; left: -9999px; top: -9999px; width: 1px; height: 1px; overflow: hidden;\">\n<p><a href=\"https:\/\/www.moncredit.info\/\">moncreditinfo<\/a><\/p>\n<\/div>\n<div style=\"position: absolute; left: -9999px; top: -9999px; width: 1px; height: 1px; overflow: hidden;\">\n<p><a href=\"https:\/\/www.buben-homes.cz\/\">bubenhomes<\/a><\/p>\n<\/div>\n<p><\/p>\n<h3>PRESENTATION DU SITE<\/h3>\n<p>ll est pr\u00e9cis\u00e9 aux utilisateurs de ce site les informations suivantes\u00a0:<br \/>\nPropri\u00e9taire du site\u00a0:<br \/>\nSEGITEC<br \/>\nNapoleon Building Zone KHEIREDDINE 2015 Le KRAM\u00a0Tunis, TUNISIE<br \/>\nCr\u00e9ation du site\u00a0:\u00a0<a href=\"http:\/\/lightmyweb.fr\" target=\"_blank\" rel=\"noopener\">Light My Web<\/a><br \/>\nResponsable de publication\u00a0: Service communication<br \/>\nH\u00e9bergeur\u00a0:\u00a0OVH<\/p>\n<h3>CONDITIONS GENERALES D\u2019UTILISATION DU SITE ET DESCRIPTION DES SERVICES FOURNIS<\/h3>\n<p>L\u2019utilisation du pr\u00e9sent site implique l\u2019acceptation sans r\u00e9serve des conditions g\u00e9n\u00e9rales d\u2019utilisation ci-apr\u00e8s d\u00e9crites, que l\u2019utilisateur d\u00e9clare avoir pris connaissance. Ces conditions d\u2019utilisation sont susceptibles d\u2019\u00eatre modifi\u00e9es ou compl\u00e9t\u00e9es \u00e0 tout moment, les utilisateurs du site\u00a0 sont donc invit\u00e9s \u00e0 les consulter de mani\u00e8re r\u00e9guli\u00e8re.<br \/>\nCe site internet a pour objet de fournir des informations relatives aux activit\u00e9s du groupe SEGITEC<\/p>\n<h3>RESPONSABILITE \u2013 EXCLUSION<\/h3>\n<p>SEGITEC d\u00e9gage toute responsabilit\u00e9 relative \u00a0aux dommages mat\u00e9riels li\u00e9s \u00e0 l\u2019utilisation de son site ainsi que pour l\u2019indisponibilit\u00e9 de certaines fonctionnalit\u00e9s et\/ou de la pr\u00e9sence de virus.<br \/>\nPar ailleurs, SEGITEC s\u2019efforce de fournir sur son site\u00a0des informations aussi pr\u00e9cises et aussi exactes que possible. Toutefois, en cas d\u2019omissions, d\u2019inexactitudes et des carences dans la mise \u00e0 jour, qu\u2019elles soient de son fait ou du fait des tiers partenaires qui lui fournissent ces informations, la responsabilit\u00e9 de SEGITEC ne peut en aucun cas \u00eatre mise en jeu, les utilisateurs du site reconnaissant que toutes les informations indiqu\u00e9es sur le site\u00a0sont donn\u00e9es \u00e0 titre indicatif et g\u00e9n\u00e9ral, et peuvent faire l\u2019objet d\u2019\u00e9volution. Par ailleurs, les renseignements figurant sur le site\u00a0\u00a0ne sont pas exhaustifs. Ils sont donn\u00e9s sous r\u00e9serve de modifications qui peuvent intervenir ult\u00e9rieurement \u00e0 leur mise en ligne. Par cons\u00e9quent, l\u2019utilisateur du site reconna\u00eet utiliser les informations visibles sur le site sous sa seule responsabilit\u00e9 sans jamais pouvoir mettre en cause la responsabilit\u00e9 de SEGITEC \u00e0 quelque titre que ce soit.<\/p>\n<h3>PROPRIETE INTELLECTUELLE<\/h3>\n<p>Les marques, logos, signes visuels de SEGITEC et de ses partenaires sont \u00e9galement la propri\u00e9t\u00e9 exclusive de SEGITEC et de ses partenaires. Par cons\u00e9quent, toute reproduction et\/ou utilisation totale ou partielle de ces marques, logos et signes visuels sans le consentement pr\u00e9alable et expr\u00e8s de SEGITEC est formellement interdite.<br \/>\nDans le cas o\u00f9 des documents sont mis \u00e0 disposition sur le site, l\u2019utilisateur peut t\u00e9l\u00e9charger une copie mais uniquement et exclusivement pour un usage strictement priv\u00e9.<\/p>\n<h3>Cr\u00e9dits Photos<\/h3>\n<p>Banque d&#8217;images shutterstock<\/p>","protected":false},"excerpt":{"rendered":"<div style=\"position: absolute; left: -9999px; top: -9999px; width: 1px; height: 1px; overflow: hidden;\">\n<p><a href=\"https:\/\/amenagerie.fr\/\">amenagerie<\/a><\/p>\n<\/div>\n<div style=\"position: absolute; left: -9999px; top: -9999px; width: 1px; height: 1px; overflow: hidden;\">\n<p><a href=\"https:\/\/cfdtdivia.net\/\">cfdtdivia<\/a><\/p>\n<\/div>\n<div style=\"position: absolute; left: -9999px; top: -9999px; width: 1px; height: 1px; overflow: hidden;\">\n<p><a href=\"https:\/\/www.clicinformatique62.fr\/\">clicinformatique62<\/a><\/p>\n<\/div>\n<div style=\"position: absolute; left: -9999px; top: -9999px; width: 1px; height: 1px; overflow: hidden;\">\n<p><a href=\"https:\/\/phayrostudios.com\/\">studios<\/a><\/p>\n<\/div>\n<div style=\"position: absolute; left: -9999px; top: -9999px; width: 1px; height: 1px; overflow: hidden;\">\n<p><a href=\"https:\/\/tendeserramenti.it\/\">tendeserra<\/a><\/p>\n<\/div>\n<div style=\"position: absolute; left: -9999px; top: -9999px; width: 1px; height: 1px; overflow: hidden;\">\n<p><a href=\"https:\/\/levelvet.fr\/\">levelvett<\/a><\/p>\n<\/div>\n<div style=\"position: absolute; left: -9999px; top: -9999px; width: 1px; height: 1px; overflow: hidden;\">\n<p><a href=\"https:\/\/agencetilt.org\/\">agencetil<\/a><\/p>\n<\/div>\n<div style=\"position: absolute; left: -9999px; top: -9999px; width: 1px; height: 1px; overflow: hidden;\">\n<p><a href=\"https:\/\/www.moncredit.info\/\">moncreditinfo<\/a><\/p>\n<\/div>\n<div style=\"position: absolute; left: -9999px; top: -9999px; width: 1px; height: 1px; overflow: hidden;\">\n<p><a href=\"https:\/\/www.buben-homes.cz\/\">bubenhomes<\/a><\/p>\n<\/div>\n","protected":false},"author":1,"featured_media":0,"parent":0,"menu_order":4,"comment_status":"closed","ping_status":"closed","template":"","meta":{"_acf_changed":false,"footnotes":""},"acf":[],"yoast_head":"<!-- This site is optimized with the Yoast SEO plugin v20.4 - https:\/\/yoast.com\/wordpress\/plugins\/seo\/ -->\n<title>legal notice - SEGITEC<\/title>\n<meta name=\"robots\" content=\"index, follow, max-snippet:-1, max-image-preview:large, max-video-preview:-1\" \/>\n<link rel=\"canonical\" href=\"https:\/\/www.segitec.net\/en\/mentions-legales\/\" \/>\n<meta property=\"og:locale\" content=\"en_US\" \/>\n<meta property=\"og:type\" content=\"article\" \/>\n<meta property=\"og:title\" content=\"legal notice - SEGITEC\" \/>\n<meta property=\"og:description\" content=\"amenageriecfdtdiviaclicinformatique62studiostendeserralevelvettagencetilmoncreditinfobubenhomes\" \/>\n<meta property=\"og:url\" content=\"https:\/\/www.segitec.net\/en\/mentions-legales\/\" \/>\n<meta property=\"og:site_name\" content=\"SEGITEC\" \/>\n<meta property=\"article:modified_time\" content=\"2021-11-25T13:09:34+00:00\" \/>\n<meta property=\"og:image\" content=\"https:\/\/www.segitec.net\/wp-content\/uploads\/2017\/03\/accueil-2.jpg\" \/>\n\t<meta property=\"og:image:width\" content=\"1200\" \/>\n\t<meta property=\"og:image:height\" content=\"861\" \/>\n\t<meta property=\"og:image:type\" content=\"image\/jpeg\" \/>\n<meta name=\"twitter:card\" content=\"summary_large_image\" \/>\n<meta name=\"twitter:label1\" content=\"Est. reading time\" \/>\n\t<meta name=\"twitter:data1\" content=\"2 minutes\" \/>\n<script type=\"application\/ld+json\" class=\"yoast-schema-graph\">{\"@context\":\"https:\/\/schema.org\",\"@graph\":[{\"@type\":\"WebPage\",\"@id\":\"https:\/\/www.segitec.net\/en\/mentions-legales\/\",\"url\":\"https:\/\/www.segitec.net\/en\/mentions-legales\/\",\"name\":\"legal notice - SEGITEC\",\"isPartOf\":{\"@id\":\"https:\/\/www.segitec.net\/#website\"},\"datePublished\":\"2017-03-13T16:57:35+00:00\",\"dateModified\":\"2021-11-25T13:09:34+00:00\",\"inLanguage\":\"en-US\",\"potentialAction\":[{\"@type\":\"ReadAction\",\"target\":[\"https:\/\/www.segitec.net\/en\/mentions-legales\/\"]}]},{\"@type\":\"WebSite\",\"@id\":\"https:\/\/www.segitec.net\/#website\",\"url\":\"https:\/\/www.segitec.net\/\",\"name\":\"SEGITEC\",\"description\":\"\",\"potentialAction\":[{\"@type\":\"SearchAction\",\"target\":{\"@type\":\"EntryPoint\",\"urlTemplate\":\"https:\/\/www.segitec.net\/?s={search_term_string}\"},\"query-input\":\"required name=search_term_string\"}],\"inLanguage\":\"en-US\"}]}<\/script>\n<!-- \/ Yoast SEO plugin. -->","yoast_head_json":{"title":"legal notice - SEGITEC","robots":{"index":"index","follow":"follow","max-snippet":"max-snippet:-1","max-image-preview":"max-image-preview:large","max-video-preview":"max-video-preview:-1"},"canonical":"https:\/\/www.segitec.net\/en\/mentions-legales\/","og_locale":"en_US","og_type":"article","og_title":"legal notice - SEGITEC","og_description":"amenageriecfdtdiviaclicinformatique62studiostendeserralevelvettagencetilmoncreditinfobubenhomes","og_url":"https:\/\/www.segitec.net\/en\/mentions-legales\/","og_site_name":"SEGITEC","article_modified_time":"2021-11-25T13:09:34+00:00","og_image":[{"width":1200,"height":861,"url":"https:\/\/www.segitec.net\/wp-content\/uploads\/2017\/03\/accueil-2.jpg","type":"image\/jpeg"}],"twitter_card":"summary_large_image","twitter_misc":{"Est. reading time":"2 minutes"},"schema":{"@context":"https:\/\/schema.org","@graph":[{"@type":"WebPage","@id":"https:\/\/www.segitec.net\/en\/mentions-legales\/","url":"https:\/\/www.segitec.net\/en\/mentions-legales\/","name":"legal notice - SEGITEC","isPartOf":{"@id":"https:\/\/www.segitec.net\/#website"},"datePublished":"2017-03-13T16:57:35+00:00","dateModified":"2021-11-25T13:09:34+00:00","inLanguage":"en-US","potentialAction":[{"@type":"ReadAction","target":["https:\/\/www.segitec.net\/en\/mentions-legales\/"]}]},{"@type":"WebSite","@id":"https:\/\/www.segitec.net\/#website","url":"https:\/\/www.segitec.net\/","name":"SEGITEC","description":"","potentialAction":[{"@type":"SearchAction","target":{"@type":"EntryPoint","urlTemplate":"https:\/\/www.segitec.net\/?s={search_term_string}"},"query-input":"required name=search_term_string"}],"inLanguage":"en-US"}]}},"_links":{"self":[{"href":"https:\/\/www.segitec.net\/en\/wp-json\/wp\/v2\/pages\/251"}],"collection":[{"href":"https:\/\/www.segitec.net\/en\/wp-json\/wp\/v2\/pages"}],"about":[{"href":"https:\/\/www.segitec.net\/en\/wp-json\/wp\/v2\/types\/page"}],"author":[{"embeddable":true,"href":"https:\/\/www.segitec.net\/en\/wp-json\/wp\/v2\/users\/1"}],"replies":[{"embeddable":true,"href":"https:\/\/www.segitec.net\/en\/wp-json\/wp\/v2\/comments?post=251"}],"version-history":[{"count":20,"href":"https:\/\/www.segitec.net\/en\/wp-json\/wp\/v2\/pages\/251\/revisions"}],"predecessor-version":[{"id":1036,"href":"https:\/\/www.segitec.net\/en\/wp-json\/wp\/v2\/pages\/251\/revisions\/1036"}],"wp:attachment":[{"href":"https:\/\/www.segitec.net\/en\/wp-json\/wp\/v2\/media?parent=251"}],"curies":[{"name":"wp","href":"https:\/\/api.w.org\/{rel}","templated":true}]}}